{"id":42,"date":"2015-03-14T10:51:45","date_gmt":"2015-03-14T10:51:45","guid":{"rendered":"http:\/\/www.goldhauben-pennewang.at\/?page_id=42"},"modified":"2016-10-05T12:04:21","modified_gmt":"2016-10-05T12:04:21","slug":"about","status":"publish","type":"page","link":"https:\/\/www.goldhauben-pennewang.at\/?page_id=42","title":{"rendered":"Chronik"},"content":{"rendered":"<p>Auf Initiative der damaligen Landesobfrau, Anneliese Ratzenb\u00f6ck, wurden in den meisten Orten\u00a0Ober\u00f6sterreichs<a href=\"http:\/\/www.goldhauben-pennewang.at\/wp-content\/uploads\/2015\/03\/20160830144140.jpg\"><img loading=\"lazy\" decoding=\"async\" class=\"alignright wp-image-329 size-medium\" src=\"http:\/\/www.goldhauben-pennewang.at\/wp-content\/uploads\/2015\/03\/20160830144140-300x208.jpg\" alt=\"\" width=\"150\" height=\"104\" srcset=\"https:\/\/www.goldhauben-pennewang.at\/wp-content\/uploads\/2015\/03\/20160830144140-300x208.jpg 300w, https:\/\/www.goldhauben-pennewang.at\/wp-content\/uploads\/2015\/03\/20160830144140-768x533.jpg 768w, https:\/\/www.goldhauben-pennewang.at\/wp-content\/uploads\/2015\/03\/20160830144140.jpg 978w\" sizes=\"(max-width: 150px) 100vw, 150px\" \/><\/a><br \/>\nGoldhaubengruppen gegr\u00fcndet. Daher organisierte Frau Theresia P\u00fchretmayr im<br \/>\nWinter 1981\/1982 einen \u00a0Goldhaubenstickkurs. In insgesamt 7 Kurstagen wurden mit der erfahrenen Kursleiterin Frau Maria Zeinhofer 23 Goldhauben und 1\u00a0M\u00e4dchenh\u00e4ubchen gestickt.<\/p>\n<p>Die Gr\u00fcndung unserer Gruppe war am 18.Februar 1982 mit 25 aktiven Mitgliedern. Als Obfrau wurde Theresia P\u00fchretmayr, als Stellvertreterin Elisabeth Leitner und als Schriftf\u00fchrerin und Kassiererin<a href=\"http:\/\/www.goldhauben-pennewang.at\/wp-content\/uploads\/2015\/03\/edited-2.jpg\"><img loading=\"lazy\" decoding=\"async\" class=\"alignleft wp-image-216\" src=\"http:\/\/www.goldhauben-pennewang.at\/wp-content\/uploads\/2015\/03\/edited-2-300x158.jpg\" alt=\"edited-2\" width=\"210\" height=\"111\" srcset=\"https:\/\/www.goldhauben-pennewang.at\/wp-content\/uploads\/2015\/03\/edited-2-300x158.jpg 300w, https:\/\/www.goldhauben-pennewang.at\/wp-content\/uploads\/2015\/03\/edited-2-1024x539.jpg 1024w\" sizes=\"(max-width: 210px) 100vw, 210px\" \/><\/a> Theresia Baldinger gew\u00e4hlt. In der Zwischenzeit wurden in weiteren Kursen Goldhauben und Perlhauben gestickt bzw. traten Frauen unserer Gruppe bei, die auf andere Art und Weise zu einer Goldhaube kamen. Derzeit besteht unsere Goldhaubengemeinschaft aus 35 Frauen und 6 H\u00e4ubchenm\u00e4dchen.<\/p>\n<p>Am 3. April 1982 war es dann so weit. Zu unserer 1. Goldhauben-und Trachtenausstellung konnten wir Frau Anneliese Ratzenb\u00f6ck willkommen hei\u00dfen, die uns ihrerseits als 411. Goldhaubengruppe in der Gemeinschaft der O\u00d6 Goldhaubenfrauen begr\u00fc\u00dfte.<\/p>\n<p>Dieses Gedicht widmete uns Frau Anna Zobl anl\u00e4sslich der 2. Goldhauben- und Trachtenausstellung am 15.Mai 1983:<br \/>\nDie Frauen von Pennewang san flei\u00dfi und gschickt<a href=\"http:\/\/www.goldhauben-pennewang.at\/wp-content\/uploads\/2015\/03\/101.jpg\"><img loading=\"lazy\" decoding=\"async\" class=\"alignright wp-image-332\" src=\"http:\/\/www.goldhauben-pennewang.at\/wp-content\/uploads\/2015\/03\/101-300x198.jpg\" alt=\"101\" width=\"230\" height=\"152\" srcset=\"https:\/\/www.goldhauben-pennewang.at\/wp-content\/uploads\/2015\/03\/101-300x198.jpg 300w, https:\/\/www.goldhauben-pennewang.at\/wp-content\/uploads\/2015\/03\/101-768x507.jpg 768w, https:\/\/www.goldhauben-pennewang.at\/wp-content\/uploads\/2015\/03\/101-1024x676.jpg 1024w\" sizes=\"(max-width: 230px) 100vw, 230px\" \/><\/a><br \/>\nSi ham recht viel gnaht und bastelt und gstickt.<br \/>\nIn der Ausstellung ham ma bewundert die vieln scheen S\u00e0chan<br \/>\nund ham a a Freud mit\u2019n Herz den selm b\u00e0chan.<br \/>\nSo a Trachtensonntag ist holt do a Freud<br \/>\nF\u00fcr ganz Pennewang und a f\u00fcr andere Leut.<\/p>\n<p>Nach zwanzigj\u00e4hriger T\u00e4tigkeit legte Frau P\u00fchretmayr und ihr Team ihre T\u00e4tigkeiten in j\u00fcngere H\u00e4nde. Am 19. Dezember 2002 wurde Brigitte Humme<a href=\"http:\/\/www.goldhauben-pennewang.at\/wp-content\/uploads\/2015\/03\/166.jpg\"><img loading=\"lazy\" decoding=\"async\" class=\"alignleft wp-image-334\" src=\"http:\/\/www.goldhauben-pennewang.at\/wp-content\/uploads\/2015\/03\/166-300x201.jpg\" alt=\"166\" width=\"130\" height=\"87\" srcset=\"https:\/\/www.goldhauben-pennewang.at\/wp-content\/uploads\/2015\/03\/166-300x201.jpg 300w, https:\/\/www.goldhauben-pennewang.at\/wp-content\/uploads\/2015\/03\/166-768x514.jpg 768w, https:\/\/www.goldhauben-pennewang.at\/wp-content\/uploads\/2015\/03\/166-1024x685.jpg 1024w\" sizes=\"(max-width: 130px) 100vw, 130px\" \/><\/a>r zur neuen Obfrau, Gertrude Waldenberger als Stellvertreterin, Marianne Muggenhuber als Kassiererin und Renate Murauer als Schriftf\u00fchrerin gew\u00e4hlt. Seit diesem Datum ist Theresia P\u00fchretmayr unsere Ehrenobfrau. Sie leitete 20 Jahre die Geschicke unserer Gruppe mit viel Flei\u00df und Engagement. Daf\u00fcr wurde sie mit der Goldenen Ehrennadel ausgezeichnet.<\/p>\n<p>Gemeinsam mit den B\u00e4uerinnen und der Landjugend wurde 2003 eine Pennewanger Tracht entwor<a href=\"http:\/\/www.goldhauben-pennewang.at\/wp-content\/uploads\/2015\/03\/105.jpg\"><img loading=\"lazy\" decoding=\"async\" class=\"alignright wp-image-427\" src=\"http:\/\/www.goldhauben-pennewang.at\/wp-content\/uploads\/2015\/03\/105-1024x676.jpg\" alt=\"105\" width=\"150\" height=\"99\" srcset=\"https:\/\/www.goldhauben-pennewang.at\/wp-content\/uploads\/2015\/03\/105-1024x676.jpg 1024w, https:\/\/www.goldhauben-pennewang.at\/wp-content\/uploads\/2015\/03\/105-300x198.jpg 300w\" sizes=\"(max-width: 150px) 100vw, 150px\" \/><\/a>fen und in einem\u00a0N\u00e4hkurs mit Frau Monika Wiesinger als Kursleiterin gen\u00e4ht.<\/p>\n<p>Am 20 Oktober 2007 feierten wir unser 25 Jahre Jubil\u00e4umsfest in der Gemeindehalle. F\u00fcr die musikalische Umrahmung sorgten die Gutauer Stu<a href=\"http:\/\/www.goldhauben-pennewang.at\/wp-content\/uploads\/2015\/03\/167.jpg\"><img loading=\"lazy\" decoding=\"async\" class=\"alignleft wp-image-333\" src=\"http:\/\/www.goldhauben-pennewang.at\/wp-content\/uploads\/2015\/03\/167-300x201.jpg\" alt=\"167\" width=\"130\" height=\"87\" srcset=\"https:\/\/www.goldhauben-pennewang.at\/wp-content\/uploads\/2015\/03\/167-300x201.jpg 300w, https:\/\/www.goldhauben-pennewang.at\/wp-content\/uploads\/2015\/03\/167-768x514.jpg 768w, https:\/\/www.goldhauben-pennewang.at\/wp-content\/uploads\/2015\/03\/167-1024x685.jpg 1024w\" sizes=\"(max-width: 130px) 100vw, 130px\" \/><\/a>benhocker, Luise Pape, der Kirchenchor und der Musikverein Pennewang sowie die ehemalige Volkstanzgruppe. Durch den Abend f\u00fchrte Karoline Ortner. In diesem Rahmen wurde unserer Ehrenobfrau Theresia P\u00fchretmayr das Goldene Ehrenzeichen der Gemeinde Pennewang als besondere Auszeichnung und Anerkennung f\u00fcr ihr gro\u00dfes Engagement verliehen.<\/p>\n<p>Zur Feier 30 Jahre Goldhaubengruppe Pennewang luden wir zu einem zweit\u00e4gigen Fest ein.<a href=\"http:\/\/www.goldhauben-pennewang.at\/wp-content\/uploads\/2015\/03\/239-Kopie.jpg\"><img loading=\"lazy\" decoding=\"async\" class=\"alignright wp-image-336\" src=\"http:\/\/www.goldhauben-pennewang.at\/wp-content\/uploads\/2015\/03\/239-Kopie-300x199.jpg\" alt=\"239-kopie\" width=\"120\" height=\"80\" srcset=\"https:\/\/www.goldhauben-pennewang.at\/wp-content\/uploads\/2015\/03\/239-Kopie-300x199.jpg 300w, https:\/\/www.goldhauben-pennewang.at\/wp-content\/uploads\/2015\/03\/239-Kopie-768x510.jpg 768w, https:\/\/www.goldhauben-pennewang.at\/wp-content\/uploads\/2015\/03\/239-Kopie-1024x680.jpg 1024w\" sizes=\"(max-width: 120px) 100vw, 120px\" \/><\/a><br \/>\n\u2212 Am 20. April 2012 fand unser Gstanzlabend statt. Der bayrische Gstanzls\u00e4nger \u201eErd\u00e4pfelktraut\u201c, die Goiserer Beringa Pascha mit ihren flotten Spr\u00fcchen und die Altenhofer Dorfmusikanten sorgten f\u00fcr gute Stimmung in der Gemeindehalle. Durch den Abend f\u00fchrte unser Mitglied Karoline Ortner.<br \/>\n\u2212<a href=\"http:\/\/www.goldhauben-pennewang.at\/wp-content\/uploads\/2015\/03\/260-Kopie.jpg\"><img loading=\"lazy\" decoding=\"async\" class=\"alignleft wp-image-337\" src=\"http:\/\/www.goldhauben-pennewang.at\/wp-content\/uploads\/2015\/03\/260-Kopie-300x198.jpg\" alt=\"260-kopie\" width=\"120\" height=\"79\" srcset=\"https:\/\/www.goldhauben-pennewang.at\/wp-content\/uploads\/2015\/03\/260-Kopie-300x198.jpg 300w, https:\/\/www.goldhauben-pennewang.at\/wp-content\/uploads\/2015\/03\/260-Kopie-768x507.jpg 768w, https:\/\/www.goldhauben-pennewang.at\/wp-content\/uploads\/2015\/03\/260-Kopie-1024x676.jpg 1024w\" sizes=\"(max-width: 120px) 100vw, 120px\" \/><\/a> Am Sonntag, 22. April wurde das neue Gemeindeamt er\u00f6ffnet. Beim anschlie\u00dfenden Fr\u00fchschoppen in der Gemeindehalle wurde die neue Sommertracht durch die Goldhaubengruppe pr\u00e4sentiert. Diese hat den gleichen Schnitt wie die Pennewanger Fest- und Wollstofftracht. Sie ist mit eigens angefertigten Wappenkn\u00f6pfen verziert.<\/p>\n<p>Am 20.J\u00e4nner 2013 legten nach zehnj\u00e4hriger T\u00e4tigkeit als Stellvertreterin Gertude Waldenberger und unterst\u00fctzende Vorstandsmitglied Scheibmayr Karoline und Leitner Elisabeth zur\u00fcck. Dank f\u00fcr ihr Engagement, Flei\u00df f\u00fcr unsere Gruppe.<a href=\"http:\/\/www.goldhauben-pennewang.at\/wp-content\/uploads\/2015\/03\/edited-3-1.jpg\"><img loading=\"lazy\" decoding=\"async\" class=\"alignright wp-image-310\" src=\"http:\/\/www.goldhauben-pennewang.at\/wp-content\/uploads\/2015\/03\/edited-3-1-300x158.jpg\" alt=\"edited-3-1\" width=\"150\" height=\"79\" srcset=\"https:\/\/www.goldhauben-pennewang.at\/wp-content\/uploads\/2015\/03\/edited-3-1-300x158.jpg 300w, https:\/\/www.goldhauben-pennewang.at\/wp-content\/uploads\/2015\/03\/edited-3-1-768x404.jpg 768w, https:\/\/www.goldhauben-pennewang.at\/wp-content\/uploads\/2015\/03\/edited-3-1-1024x539.jpg 1024w\" sizes=\"(max-width: 150px) 100vw, 150px\" \/><\/a><br \/>\nMarinne Muggenhuber \u00fcbernahm neben der Funktion der Kassiererin auch das Amt der Stellvertreterin. Walpurga Gl\u00fcck konnte als Medienreferentin und Hedwig Aschl als unterst\u00fctzendes Vorstandsmitglied gewonnen werden.<\/p>\n<p><a href=\"http:\/\/www.goldhauben-pennewang.at\/wp-content\/uploads\/2015\/09\/edited-05485.jpg\"><img loading=\"lazy\" decoding=\"async\" class=\"alignleft wp-image-255\" src=\"http:\/\/www.goldhauben-pennewang.at\/wp-content\/uploads\/2015\/09\/edited-05485-300x199.jpg\" alt=\"edited-05485\" width=\"100\" height=\"66\" srcset=\"https:\/\/www.goldhauben-pennewang.at\/wp-content\/uploads\/2015\/09\/edited-05485-300x199.jpg 300w, https:\/\/www.goldhauben-pennewang.at\/wp-content\/uploads\/2015\/09\/edited-05485-1024x680.jpg 1024w\" sizes=\"(max-width: 100px) 100vw, 100px\" \/><\/a>Am 22. M\u00e4rz 2014 veranstalteten wir erstmals einen Ostermarkt. Dabei pr\u00e4sentierten wir den Besuchern ein umfangreiches Angebot rund um Ostern und verw\u00f6hnten sie mit K\u00f6stlichkeiten aus der Region.<\/p>\n<p>\u201eAltes erhalten \u2013 neues Gestalten\u201c- war und ist die Devise unserer Gemeinschaft.<a href=\"http:\/\/www.goldhauben-pennewang.at\/wp-content\/uploads\/2015\/03\/WAL3443.jpg\"><img loading=\"lazy\" decoding=\"async\" class=\"alignright wp-image-338\" src=\"http:\/\/www.goldhauben-pennewang.at\/wp-content\/uploads\/2015\/03\/WAL3443-300x199.jpg\" alt=\"_wal3443\" width=\"150\" height=\"100\" srcset=\"https:\/\/www.goldhauben-pennewang.at\/wp-content\/uploads\/2015\/03\/WAL3443-300x199.jpg 300w, https:\/\/www.goldhauben-pennewang.at\/wp-content\/uploads\/2015\/03\/WAL3443-768x510.jpg 768w, https:\/\/www.goldhauben-pennewang.at\/wp-content\/uploads\/2015\/03\/WAL3443.jpg 1024w\" sizes=\"(max-width: 150px) 100vw, 150px\" \/><\/a> Die Erhaltung\u00a0und Pflege der\u00a0Gemeinschaft, Kultur und unserer Tracht, sowie das soziale Engagement sind die sichtigsten Anliegen unserer Gruppe. Durch\u00a0unser Mitwirken werden verschiedene Feste wie z.B. Fronleichnamstag, Erntedankfest, Jubelhochzeitsfeier, sowie andere besondere Veranstaltungen der Gemeinde versch\u00f6nert.<\/p>\n","protected":false},"excerpt":{"rendered":"<p>Auf Initiative der damaligen Landesobfrau, Anneliese Ratzenb\u00f6ck, wurden in den meisten Orten\u00a0Ober\u00f6sterreichs Goldhaubengruppen gegr\u00fcndet. Daher organisierte Frau Theresia P\u00fchretmayr im Winter 1981\/1982 einen \u00a0Goldhaubenstickkurs. In insgesamt 7 Kurstagen wurden mit der erfahrenen Kursleiterin Frau Maria Zeinhofer 23 Goldhauben und 1\u00a0M\u00e4dchenh\u00e4ubchen gestickt. Die Gr\u00fcndung unserer Gruppe war am 18.Februar 1982 mit 25 aktiven Mitgliedern. Als Obfrau [&hellip;]<\/p>\n","protected":false},"author":1,"featured_media":0,"parent":0,"menu_order":0,"comment_status":"open","ping_status":"closed","template":"","meta":{"footnotes":""},"_links":{"self":[{"href":"https:\/\/www.goldhauben-pennewang.at\/index.php?rest_route=\/wp\/v2\/pages\/42"}],"collection":[{"href":"https:\/\/www.goldhauben-pennewang.at\/index.php?rest_route=\/wp\/v2\/pages"}],"about":[{"href":"https:\/\/www.goldhauben-pennewang.at\/index.php?rest_route=\/wp\/v2\/types\/page"}],"author":[{"embeddable":true,"href":"https:\/\/www.goldhauben-pennewang.at\/index.php?rest_route=\/wp\/v2\/users\/1"}],"replies":[{"embeddable":true,"href":"https:\/\/www.goldhauben-pennewang.at\/index.php?rest_route=%2Fwp%2Fv2%2Fcomments&post=42"}],"version-history":[{"count":46,"href":"https:\/\/www.goldhauben-pennewang.at\/index.php?rest_route=\/wp\/v2\/pages\/42\/revisions"}],"predecessor-version":[{"id":429,"href":"https:\/\/www.goldhauben-pennewang.at\/index.php?rest_route=\/wp\/v2\/pages\/42\/revisions\/429"}],"wp:attachment":[{"href":"https:\/\/www.goldhauben-pennewang.at\/index.php?rest_route=%2Fwp%2Fv2%2Fmedia&parent=42"}],"curies":[{"name":"wp","href":"https:\/\/api.w.org\/{rel}","templated":true}]}}